{"id":279,"date":"2023-08-06T13:27:56","date_gmt":"2023-08-06T13:27:56","guid":{"rendered":"https:\/\/themedox.com\/insucom\/?page_id=279"},"modified":"2025-10-30T14:52:39","modified_gmt":"2025-10-30T14:52:39","slug":"contacto","status":"publish","type":"page","link":"https:\/\/segfia.com\/?page_id=279","title":{"rendered":"Contacto"},"content":{"rendered":"\t\t<div data-elementor-type=\"wp-page\" data-elementor-id=\"279\" class=\"elementor elementor-279\">\n\t\t\t\t\t\t<section class=\"elementor-section elementor-top-section elementor-element elementor-element-59e1c76 elementor-section-full_width elementor-section-stretched elementor-section-height-default elementor-section-height-default\" data-id=\"59e1c76\" data-element_type=\"section\" data-e-type=\"section\" data-settings=\"{&quot;stretch_section&quot;:&quot;section-stretched&quot;}\">\n\t\t\t\t\t\t<div class=\"elementor-container elementor-column-gap-no\">\n\t\t\t\t\t<div class=\"elementor-column elementor-col-100 elementor-top-column elementor-element elementor-element-f5d04d4\" data-id=\"f5d04d4\" data-element_type=\"column\" data-e-type=\"column\">\n\t\t\t<div class=\"elementor-widget-wrap\">\n\t\t\t\t\t\t\t<\/div>\n\t\t<\/div>\n\t\t\t\t\t<\/div>\n\t\t<\/section>\n\t\t\t\t<section class=\"elementor-section elementor-top-section elementor-element elementor-element-78004de elementor-section-full_width elementor-section-stretched elementor-section-height-default elementor-section-height-default\" data-id=\"78004de\" data-element_type=\"section\" data-e-type=\"section\" data-settings=\"{&quot;stretch_section&quot;:&quot;section-stretched&quot;}\">\n\t\t\t\t\t\t<div class=\"elementor-container elementor-column-gap-no\">\n\t\t\t\t\t<div class=\"elementor-column elementor-col-100 elementor-top-column elementor-element elementor-element-a512847\" data-id=\"a512847\" data-element_type=\"column\" data-e-type=\"column\">\n\t\t\t<div class=\"elementor-widget-wrap elementor-element-populated\">\n\t\t\t\t\t\t<div class=\"elementor-element elementor-element-51f3421 elementor-widget elementor-widget-google_maps\" data-id=\"51f3421\" data-element_type=\"widget\" data-e-type=\"widget\" data-widget_type=\"google_maps.default\">\n\t\t\t\t<div class=\"elementor-widget-container\">\n\t\t\t\t\t\t\t<div class=\"elementor-custom-embed\">\n\t\t\t<iframe loading=\"lazy\"\n\t\t\t\t\tsrc=\"https:\/\/maps.google.com\/maps?q=SEGFIA%20Seguros%20y%20Fianzas%2C%20Blvrd%20Everardo%20M%C3%A1rquez%2C%20Ex%20Hacienda%20de%20Coscotitl%C3%A1n%2C%2042064%20Pachuca%20de%20Soto%2C%20Hgo.&#038;t=m&#038;z=13&#038;output=embed&#038;iwloc=near\"\n\t\t\t\t\ttitle=\"SEGFIA Seguros y Fianzas, Blvrd Everardo M\u00e1rquez, Ex Hacienda de Coscotitl\u00e1n, 42064 Pachuca de Soto, Hgo.\"\n\t\t\t\t\taria-label=\"SEGFIA Seguros y Fianzas, Blvrd Everardo M\u00e1rquez, Ex Hacienda de Coscotitl\u00e1n, 42064 Pachuca de Soto, Hgo.\"\n\t\t\t><\/iframe>\n\t\t<\/div>\n\t\t\t\t\t\t<\/div>\n\t\t\t\t<\/div>\n\t\t\t\t\t<\/div>\n\t\t<\/div>\n\t\t\t\t\t<\/div>\n\t\t<\/section>\n\t\t\t\t<section class=\"elementor-section elementor-top-section elementor-element elementor-element-1a37864 elementor-section-full_width elementor-section-stretched elementor-section-height-default elementor-section-height-default\" data-id=\"1a37864\" data-element_type=\"section\" data-e-type=\"section\" data-settings=\"{&quot;stretch_section&quot;:&quot;section-stretched&quot;}\">\n\t\t\t\t\t\t<div class=\"elementor-container elementor-column-gap-no\">\n\t\t\t\t\t<div class=\"elementor-column elementor-col-100 elementor-top-column elementor-element elementor-element-c361f1a\" data-id=\"c361f1a\" data-element_type=\"column\" data-e-type=\"column\">\n\t\t\t<div class=\"elementor-widget-wrap elementor-element-populated\">\n\t\t\t\t\t\t<div class=\"elementor-element elementor-element-a4d19e0 elementor-widget elementor-widget-theme-home-contact-two\" data-id=\"a4d19e0\" data-element_type=\"widget\" data-e-type=\"widget\" data-widget_type=\"theme-home-contact-two.default\">\n\t\t\t\t<div class=\"elementor-widget-container\">\n\t\t\t\t\t\r\n\r\n        <section class=\"w-full custom-form-two-wrapper\">\r\n          <div class=\"theme-container mx-auto\">\r\n            <div class=\"grid lg:grid-cols-2 grid-cols-1 items-center\">\r\n              <div class=\"mb-10 lg:mb-0\">\r\n                <p\r\n                  class=\"text-primary-500 font-bold lg:leading-8 spline-sans lg:text-xl text-lg uppercase mb-2\"\r\n                >\r\n                  CONT\u00c1CTENOS                <\/p>\r\n                <h2 class=\"headline-default text-primary-900 mb-[30px]\">\r\n                  El socio de confianza                <\/h2>\r\n                <p class=\"text-base leading-[27px] text-primary-100\">\r\n                  Nos interesa tu opini\u00f3n , escr\u00edbenos y pronto recibir\u00e1s toda la asesor\u00eda que necesitas.                <\/p>\r\n              <\/div>\r\n              <div class=\"w-full custom-form-two\">\r\n\r\n\r\n              \t<p>\n<div class=\"wpcf7 no-js\" id=\"wpcf7-f299-o1\" lang=\"en-US\" dir=\"ltr\" data-wpcf7-id=\"299\">\n<div class=\"screen-reader-response\"><p role=\"status\" aria-live=\"polite\" aria-atomic=\"true\"><\/p> <ul><\/ul><\/div>\n<form action=\"\/index.php?rest_route=%2Fwp%2Fv2%2Fpages%2F279#wpcf7-f299-o1\" method=\"post\" class=\"wpcf7-form init\" aria-label=\"Contact form\" novalidate=\"novalidate\" data-status=\"init\">\n<fieldset class=\"hidden-fields-container\"><input type=\"hidden\" name=\"_wpcf7\" value=\"299\" \/><input type=\"hidden\" name=\"_wpcf7_version\" value=\"6.1.5\" \/><input type=\"hidden\" name=\"_wpcf7_locale\" value=\"en_US\" \/><input type=\"hidden\" name=\"_wpcf7_unit_tag\" value=\"wpcf7-f299-o1\" \/><input type=\"hidden\" name=\"_wpcf7_container_post\" value=\"0\" \/><input type=\"hidden\" name=\"_wpcf7_posted_data_hash\" value=\"\" \/>\n<\/fieldset>\n<div class=\"contact-form-two-inner\">\n\t<div class=\"sm:flex sm:space-x-[30px] w-full\">\n\t\t<p><span class=\"wpcf7-form-control-wrap\" data-name=\"text-634\"><input size=\"40\" maxlength=\"400\" class=\"wpcf7-form-control wpcf7-text wpcf7-validates-as-required fname\" aria-required=\"true\" aria-invalid=\"false\" placeholder=\"Your Name\" value=\"\" type=\"text\" name=\"text-634\" \/><\/span><span class=\"wpcf7-form-control-wrap\" data-name=\"email-128\"><input size=\"40\" maxlength=\"400\" class=\"wpcf7-form-control wpcf7-email wpcf7-validates-as-required wpcf7-text wpcf7-validates-as-email fname\" aria-required=\"true\" aria-invalid=\"false\" placeholder=\"E-mail\" value=\"\" type=\"email\" name=\"email-128\" \/><\/span>\n\t\t<\/p>\n\t<\/div>\n\t<p><span class=\"wpcf7-form-control-wrap\" data-name=\"textarea-548\"><textarea cols=\"40\" rows=\"10\" maxlength=\"2000\" class=\"wpcf7-form-control wpcf7-textarea wpcf7-validates-as-required fmessage\" aria-required=\"true\" aria-invalid=\"false\" placeholder=\"Your Messgae\" name=\"textarea-548\"><\/textarea><\/span><input class=\"wpcf7-form-control wpcf7-submit has-spinner fsubmit\" type=\"submit\" value=\"Submit Now\" \/>\n\t<\/p>\n<\/div><p style=\"display: none !important;\" class=\"akismet-fields-container\" data-prefix=\"_wpcf7_ak_\"><label>&#916;<textarea name=\"_wpcf7_ak_hp_textarea\" cols=\"45\" rows=\"8\" maxlength=\"100\"><\/textarea><\/label><input type=\"hidden\" id=\"ak_js_1\" name=\"_wpcf7_ak_js\" value=\"37\"\/><script>document.getElementById( \"ak_js_1\" ).setAttribute( \"value\", ( new Date() ).getTime() );<\/script><\/p><div class=\"wpcf7-response-output\" aria-hidden=\"true\"><\/div>\n<\/form>\n<\/div>\n<\/p>\r\n              <\/div>\r\n\r\n\r\n            <\/div>\r\n          <\/div>\r\n        <\/section>\r\n\r\n\r\n\t\t\t\t\t<\/div>\n\t\t\t\t<\/div>\n\t\t\t\t\t<\/div>\n\t\t<\/div>\n\t\t\t\t\t<\/div>\n\t\t<\/section>\n\t\t\t\t<\/div>\n\t\t","protected":false},"excerpt":{"rendered":"<p>CONT\u00c1CTENOS El socio de confianza Nos interesa tu opini\u00f3n , escr\u00edbenos y pronto recibir\u00e1s toda la asesor\u00eda que necesitas.<\/p>\n","protected":false},"author":1,"featured_media":0,"parent":0,"menu_order":0,"comment_status":"closed","ping_status":"closed","template":"","meta":{"_monsterinsights_skip_tracking":false,"_monsterinsights_sitenote_active":false,"_monsterinsights_sitenote_note":"","_monsterinsights_sitenote_category":0,"footnotes":""},"class_list":["post-279","page","type-page","status-publish","hentry"],"aioseo_notices":[],"_links":{"self":[{"href":"https:\/\/segfia.com\/index.php?rest_route=\/wp\/v2\/pages\/279","targetHints":{"allow":["GET"]}}],"collection":[{"href":"https:\/\/segfia.com\/index.php?rest_route=\/wp\/v2\/pages"}],"about":[{"href":"https:\/\/segfia.com\/index.php?rest_route=\/wp\/v2\/types\/page"}],"author":[{"embeddable":true,"href":"https:\/\/segfia.com\/index.php?rest_route=\/wp\/v2\/users\/1"}],"replies":[{"embeddable":true,"href":"https:\/\/segfia.com\/index.php?rest_route=%2Fwp%2Fv2%2Fcomments&post=279"}],"version-history":[{"count":21,"href":"https:\/\/segfia.com\/index.php?rest_route=\/wp\/v2\/pages\/279\/revisions"}],"predecessor-version":[{"id":3141,"href":"https:\/\/segfia.com\/index.php?rest_route=\/wp\/v2\/pages\/279\/revisions\/3141"}],"wp:attachment":[{"href":"https:\/\/segfia.com\/index.php?rest_route=%2Fwp%2Fv2%2Fmedia&parent=279"}],"curies":[{"name":"wp","href":"https:\/\/api.w.org\/{rel}","templated":true}]}}