{"id":249,"date":"2023-08-05T14:10:43","date_gmt":"2023-08-05T14:10:43","guid":{"rendered":"https:\/\/themedox.com\/insucom\/?page_id=249"},"modified":"2025-10-29T21:13:48","modified_gmt":"2025-10-29T21:13:48","slug":"servicios","status":"publish","type":"page","link":"https:\/\/segfia.com\/?page_id=249","title":{"rendered":""},"content":{"rendered":"\t\t<div data-elementor-type=\"wp-page\" data-elementor-id=\"249\" class=\"elementor elementor-249\">\n\t\t\t\t<div class=\"elementor-element elementor-element-J3AZhTx e-flex e-con-boxed e-con e-parent\" data-id=\"J3AZhTx\" data-element_type=\"container\" data-e-type=\"container\">\n\t\t\t\t\t<div class=\"e-con-inner\">\n\t\t\t\t<div class=\"elementor-element elementor-element-jGct0ky elementor-widget__width-initial elementor-widget elementor-widget-image\" data-id=\"jGct0ky\" data-element_type=\"widget\" data-e-type=\"widget\" data-widget_type=\"image.default\">\n\t\t\t\t<div class=\"elementor-widget-container\">\n\t\t\t\t\t\t\t\t\t\t\t\t\t\t\t<img fetchpriority=\"high\" decoding=\"async\" width=\"1080\" height=\"1080\" src=\"https:\/\/segfia.com\/wp-content\/uploads\/2025\/07\/518297586_122124142838885894_1365591278760502402_n.webp\" class=\"attachment-2048x2048 size-2048x2048 wp-image-2885\" alt=\"\" srcset=\"https:\/\/segfia.com\/wp-content\/uploads\/2025\/07\/518297586_122124142838885894_1365591278760502402_n.webp 1080w, https:\/\/segfia.com\/wp-content\/uploads\/2025\/07\/518297586_122124142838885894_1365591278760502402_n-300x300.webp 300w, https:\/\/segfia.com\/wp-content\/uploads\/2025\/07\/518297586_122124142838885894_1365591278760502402_n-1024x1024.webp 1024w, https:\/\/segfia.com\/wp-content\/uploads\/2025\/07\/518297586_122124142838885894_1365591278760502402_n-150x150.webp 150w, https:\/\/segfia.com\/wp-content\/uploads\/2025\/07\/518297586_122124142838885894_1365591278760502402_n-768x768.jpg 768w, https:\/\/segfia.com\/wp-content\/uploads\/2025\/07\/518297586_122124142838885894_1365591278760502402_n-96x96.jpg 96w\" sizes=\"(max-width: 1080px) 100vw, 1080px\" \/>\t\t\t\t\t\t\t\t\t\t\t\t\t\t\t<\/div>\n\t\t\t\t<\/div>\n\t\t\t\t<div class=\"elementor-element elementor-element-fe7e189 elementor-widget__width-initial elementor-widget elementor-widget-image\" data-id=\"fe7e189\" data-element_type=\"widget\" data-e-type=\"widget\" data-widget_type=\"image.default\">\n\t\t\t\t<div class=\"elementor-widget-container\">\n\t\t\t\t\t\t\t\t\t\t\t\t\t\t\t<img decoding=\"async\" width=\"1080\" height=\"1350\" src=\"https:\/\/segfia.com\/wp-content\/uploads\/2025\/10\/patrimonio.jpg\" class=\"attachment-2048x2048 size-2048x2048 wp-image-2959\" alt=\"\" srcset=\"https:\/\/segfia.com\/wp-content\/uploads\/2025\/10\/patrimonio.jpg 1080w, https:\/\/segfia.com\/wp-content\/uploads\/2025\/10\/patrimonio-240x300.jpg 240w, https:\/\/segfia.com\/wp-content\/uploads\/2025\/10\/patrimonio-819x1024.jpg 819w, https:\/\/segfia.com\/wp-content\/uploads\/2025\/10\/patrimonio-768x960.jpg 768w\" sizes=\"(max-width: 1080px) 100vw, 1080px\" \/>\t\t\t\t\t\t\t\t\t\t\t\t\t\t\t<\/div>\n\t\t\t\t<\/div>\n\t\t\t\t\t<\/div>\n\t\t\t\t<\/div>\n\t\t<div class=\"elementor-element elementor-element-8b7e865 e-flex e-con-boxed e-con e-parent\" data-id=\"8b7e865\" data-element_type=\"container\" data-e-type=\"container\">\n\t\t\t\t\t<div class=\"e-con-inner\">\n\t\t\t\t<div class=\"elementor-element elementor-element-c076ed4 elementor-widget elementor-widget-heading\" data-id=\"c076ed4\" data-element_type=\"widget\" data-e-type=\"widget\" data-widget_type=\"heading.default\">\n\t\t\t\t<div class=\"elementor-widget-container\">\n\t\t\t\t\t<h2 class=\"elementor-heading-title elementor-size-default\">Tipos de Seguros <\/h2>\t\t\t\t<\/div>\n\t\t\t\t<\/div>\n\t\t\t\t\t<\/div>\n\t\t\t\t<\/div>\n\t\t<div class=\"elementor-element elementor-element-ed04302 e-flex e-con-boxed e-con e-parent\" data-id=\"ed04302\" data-element_type=\"container\" data-e-type=\"container\">\n\t\t\t\t\t<div class=\"e-con-inner\">\n\t\t\t\t<div class=\"elementor-element elementor-element-43a6043 elementor-widget elementor-widget-text-editor\" data-id=\"43a6043\" data-element_type=\"widget\" data-e-type=\"widget\" data-widget_type=\"text-editor.default\">\n\t\t\t\t<div class=\"elementor-widget-container\">\n\t\t\t\t\t\t\t\t\t<h3>\u00a0<\/h3><p>Un <b>Seguro Empresarial<\/b> (o para negocios) es una soluci\u00f3n financiera dise\u00f1ada para <b>proteger el patrimonio y la estabilidad econ\u00f3mica<\/b> de una empresa frente a diversos riesgos e imprevistos.<\/p><p>En esencia, transfiere el riesgo de p\u00e9rdidas significativas a una aseguradora a cambio del pago de una prima.<\/p><p><b>Cubre aspectos clave como:<\/b><\/p><ul><li><p><b>Da\u00f1os Materiales:<\/b> Reparaci\u00f3n o reemplazo de activos (edificios, equipos, inventario) por eventos como incendios, robos o desastres naturales.<\/p><\/li><li><p><b>Responsabilidad Civil:<\/b> Costos legales e indemnizaciones por da\u00f1os causados a terceros (clientes, proveedores, p\u00fablico) relacionados con la operaci\u00f3n del negocio.<\/p><\/li><li><p><b>Interrupci\u00f3n del Negocio:<\/b> Compensaci\u00f3n por la p\u00e9rdida de ingresos y gastos fijos si la actividad se detiene temporalmente debido a un siniestro cubierto.<\/p><\/li><\/ul><p>Su objetivo principal es garantizar la <b>continuidad del negocio<\/b> y evitar que un solo evento catastr\u00f3fico ponga en peligro su existencia.<\/p>\t\t\t\t\t\t\t\t<\/div>\n\t\t\t\t<\/div>\n\t\t\t\t\t<\/div>\n\t\t\t\t<\/div>\n\t\t<div class=\"elementor-element elementor-element-49c9a67 e-flex e-con-boxed e-con e-parent\" data-id=\"49c9a67\" data-element_type=\"container\" data-e-type=\"container\">\n\t\t\t\t\t<div class=\"e-con-inner\">\n\t\t\t\t<div class=\"elementor-element elementor-element-3f72f38 elementor-widget elementor-widget-image-gallery\" data-id=\"3f72f38\" data-element_type=\"widget\" data-e-type=\"widget\" data-widget_type=\"image-gallery.default\">\n\t\t\t\t<div class=\"elementor-widget-container\">\n\t\t\t\t\t\t\t<div class=\"elementor-image-gallery\">\n\t\t\t<div id='gallery-3' class='gallery galleryid-249 gallery-columns-4 gallery-size-2048x2048'><figure class='gallery-item'>\n\t\t\t<div class='gallery-icon portrait'>\n\t\t\t\t<a data-elementor-open-lightbox=\"yes\" data-elementor-lightbox-slideshow=\"3f72f38\" data-elementor-lightbox-title=\"carga segura\" data-e-action-hash=\"#elementor-action%3Aaction%3Dlightbox%26settings%3DeyJpZCI6Mjk1NCwidXJsIjoiaHR0cHM6XC9cL3NlZ2ZpYS5jb21cL3dwLWNvbnRlbnRcL3VwbG9hZHNcLzIwMjVcLzEwXC9jYXJnYS1zZWd1cmEud2VicCIsInNsaWRlc2hvdyI6IjNmNzJmMzgifQ%3D%3D\" href='https:\/\/segfia.com\/wp-content\/uploads\/2025\/10\/carga-segura.webp'><img decoding=\"async\" width=\"1080\" height=\"1350\" src=\"https:\/\/segfia.com\/wp-content\/uploads\/2025\/10\/carga-segura.webp\" class=\"attachment-2048x2048 size-2048x2048\" alt=\"\" srcset=\"https:\/\/segfia.com\/wp-content\/uploads\/2025\/10\/carga-segura.webp 1080w, https:\/\/segfia.com\/wp-content\/uploads\/2025\/10\/carga-segura-240x300.webp 240w, https:\/\/segfia.com\/wp-content\/uploads\/2025\/10\/carga-segura-819x1024.webp 819w, https:\/\/segfia.com\/wp-content\/uploads\/2025\/10\/carga-segura-768x960.webp 768w\" sizes=\"(max-width: 1080px) 100vw, 1080px\" \/><\/a>\n\t\t\t<\/div><\/figure><figure class='gallery-item'>\n\t\t\t<div class='gallery-icon landscape'>\n\t\t\t\t<a data-elementor-open-lightbox=\"yes\" data-elementor-lightbox-slideshow=\"3f72f38\" data-elementor-lightbox-title=\"518328235_122124132734885894_3400475676974784630_n\" data-e-action-hash=\"#elementor-action%3Aaction%3Dlightbox%26settings%3DeyJpZCI6Mjg4OCwidXJsIjoiaHR0cHM6XC9cL3NlZ2ZpYS5jb21cL3dwLWNvbnRlbnRcL3VwbG9hZHNcLzIwMjVcLzA3XC81MTgzMjgyMzVfMTIyMTI0MTMyNzM0ODg1ODk0XzM0MDA0NzU2NzY5NzQ3ODQ2MzBfbi53ZWJwIiwic2xpZGVzaG93IjoiM2Y3MmYzOCJ9\" href='https:\/\/segfia.com\/wp-content\/uploads\/2025\/07\/518328235_122124132734885894_3400475676974784630_n.webp'><img loading=\"lazy\" decoding=\"async\" width=\"1080\" height=\"1080\" src=\"https:\/\/segfia.com\/wp-content\/uploads\/2025\/07\/518328235_122124132734885894_3400475676974784630_n.webp\" class=\"attachment-2048x2048 size-2048x2048\" alt=\"\" srcset=\"https:\/\/segfia.com\/wp-content\/uploads\/2025\/07\/518328235_122124132734885894_3400475676974784630_n.webp 1080w, https:\/\/segfia.com\/wp-content\/uploads\/2025\/07\/518328235_122124132734885894_3400475676974784630_n-300x300.webp 300w, https:\/\/segfia.com\/wp-content\/uploads\/2025\/07\/518328235_122124132734885894_3400475676974784630_n-1024x1024.webp 1024w, https:\/\/segfia.com\/wp-content\/uploads\/2025\/07\/518328235_122124132734885894_3400475676974784630_n-150x150.webp 150w, https:\/\/segfia.com\/wp-content\/uploads\/2025\/07\/518328235_122124132734885894_3400475676974784630_n-768x768.webp 768w, https:\/\/segfia.com\/wp-content\/uploads\/2025\/07\/518328235_122124132734885894_3400475676974784630_n-96x96.webp 96w\" sizes=\"(max-width: 1080px) 100vw, 1080px\" \/><\/a>\n\t\t\t<\/div><\/figure><figure class='gallery-item'>\n\t\t\t<div class='gallery-icon landscape'>\n\t\t\t\t<a data-elementor-open-lightbox=\"yes\" data-elementor-lightbox-slideshow=\"3f72f38\" data-elementor-lightbox-title=\"518346745_122124132476885894_4004089864400001530_n\" data-e-action-hash=\"#elementor-action%3Aaction%3Dlightbox%26settings%3DeyJpZCI6Mjg5MCwidXJsIjoiaHR0cHM6XC9cL3NlZ2ZpYS5jb21cL3dwLWNvbnRlbnRcL3VwbG9hZHNcLzIwMjVcLzA3XC81MTgzNDY3NDVfMTIyMTI0MTMyNDc2ODg1ODk0XzQwMDQwODk4NjQ0MDAwMDE1MzBfbi53ZWJwIiwic2xpZGVzaG93IjoiM2Y3MmYzOCJ9\" href='https:\/\/segfia.com\/wp-content\/uploads\/2025\/07\/518346745_122124132476885894_4004089864400001530_n.webp'><img loading=\"lazy\" decoding=\"async\" width=\"1080\" height=\"1080\" src=\"https:\/\/segfia.com\/wp-content\/uploads\/2025\/07\/518346745_122124132476885894_4004089864400001530_n.webp\" class=\"attachment-2048x2048 size-2048x2048\" alt=\"\" srcset=\"https:\/\/segfia.com\/wp-content\/uploads\/2025\/07\/518346745_122124132476885894_4004089864400001530_n.webp 1080w, https:\/\/segfia.com\/wp-content\/uploads\/2025\/07\/518346745_122124132476885894_4004089864400001530_n-300x300.webp 300w, https:\/\/segfia.com\/wp-content\/uploads\/2025\/07\/518346745_122124132476885894_4004089864400001530_n-1024x1024.webp 1024w, https:\/\/segfia.com\/wp-content\/uploads\/2025\/07\/518346745_122124132476885894_4004089864400001530_n-150x150.webp 150w, https:\/\/segfia.com\/wp-content\/uploads\/2025\/07\/518346745_122124132476885894_4004089864400001530_n-768x768.webp 768w, https:\/\/segfia.com\/wp-content\/uploads\/2025\/07\/518346745_122124132476885894_4004089864400001530_n-96x96.webp 96w\" sizes=\"(max-width: 1080px) 100vw, 1080px\" \/><\/a>\n\t\t\t<\/div><\/figure><figure class='gallery-item'>\n\t\t\t<div class='gallery-icon landscape'>\n\t\t\t\t<a data-elementor-open-lightbox=\"yes\" data-elementor-lightbox-slideshow=\"3f72f38\" data-elementor-lightbox-title=\"518284895_122124142658885894_9171733588003182980_n\" data-e-action-hash=\"#elementor-action%3Aaction%3Dlightbox%26settings%3DeyJpZCI6Mjg4MywidXJsIjoiaHR0cHM6XC9cL3NlZ2ZpYS5jb21cL3dwLWNvbnRlbnRcL3VwbG9hZHNcLzIwMjVcLzA3XC81MTgyODQ4OTVfMTIyMTI0MTQyNjU4ODg1ODk0XzkxNzE3MzM1ODgwMDMxODI5ODBfbi53ZWJwIiwic2xpZGVzaG93IjoiM2Y3MmYzOCJ9\" href='https:\/\/segfia.com\/wp-content\/uploads\/2025\/07\/518284895_122124142658885894_9171733588003182980_n.webp'><img loading=\"lazy\" decoding=\"async\" width=\"1080\" height=\"1080\" src=\"https:\/\/segfia.com\/wp-content\/uploads\/2025\/07\/518284895_122124142658885894_9171733588003182980_n.webp\" class=\"attachment-2048x2048 size-2048x2048\" alt=\"\" srcset=\"https:\/\/segfia.com\/wp-content\/uploads\/2025\/07\/518284895_122124142658885894_9171733588003182980_n.webp 1080w, https:\/\/segfia.com\/wp-content\/uploads\/2025\/07\/518284895_122124142658885894_9171733588003182980_n-300x300.webp 300w, https:\/\/segfia.com\/wp-content\/uploads\/2025\/07\/518284895_122124142658885894_9171733588003182980_n-1024x1024.webp 1024w, https:\/\/segfia.com\/wp-content\/uploads\/2025\/07\/518284895_122124142658885894_9171733588003182980_n-150x150.webp 150w, https:\/\/segfia.com\/wp-content\/uploads\/2025\/07\/518284895_122124142658885894_9171733588003182980_n-768x768.webp 768w, https:\/\/segfia.com\/wp-content\/uploads\/2025\/07\/518284895_122124142658885894_9171733588003182980_n-96x96.webp 96w\" sizes=\"(max-width: 1080px) 100vw, 1080px\" \/><\/a>\n\t\t\t<\/div><\/figure>\n\t\t<\/div>\n\t\t<\/div>\n\t\t\t\t\t\t<\/div>\n\t\t\t\t<\/div>\n\t\t\t\t\t<\/div>\n\t\t\t\t<\/div>\n\t\t\t\t<\/div>\n\t\t","protected":false},"excerpt":{"rendered":"<p>Tipos de Seguros \u00a0 Un Seguro Empresarial (o para negocios) es una soluci\u00f3n financiera dise\u00f1ada para proteger el patrimonio y la estabilidad econ\u00f3mica de una empresa frente a diversos riesgos e imprevistos. En esencia, transfiere el riesgo de p\u00e9rdidas significativas a una aseguradora a cambio del pago de una prima. Cubre aspectos clave como: Da\u00f1os [&hellip;]<\/p>\n","protected":false},"author":1,"featured_media":0,"parent":0,"menu_order":0,"comment_status":"closed","ping_status":"closed","template":"","meta":{"_monsterinsights_skip_tracking":false,"_monsterinsights_sitenote_active":false,"_monsterinsights_sitenote_note":"","_monsterinsights_sitenote_category":0,"footnotes":""},"class_list":["post-249","page","type-page","status-publish","hentry"],"aioseo_notices":[],"_links":{"self":[{"href":"https:\/\/segfia.com\/index.php?rest_route=\/wp\/v2\/pages\/249","targetHints":{"allow":["GET"]}}],"collection":[{"href":"https:\/\/segfia.com\/index.php?rest_route=\/wp\/v2\/pages"}],"about":[{"href":"https:\/\/segfia.com\/index.php?rest_route=\/wp\/v2\/types\/page"}],"author":[{"embeddable":true,"href":"https:\/\/segfia.com\/index.php?rest_route=\/wp\/v2\/users\/1"}],"replies":[{"embeddable":true,"href":"https:\/\/segfia.com\/index.php?rest_route=%2Fwp%2Fv2%2Fcomments&post=249"}],"version-history":[{"count":144,"href":"https:\/\/segfia.com\/index.php?rest_route=\/wp\/v2\/pages\/249\/revisions"}],"predecessor-version":[{"id":3117,"href":"https:\/\/segfia.com\/index.php?rest_route=\/wp\/v2\/pages\/249\/revisions\/3117"}],"wp:attachment":[{"href":"https:\/\/segfia.com\/index.php?rest_route=%2Fwp%2Fv2%2Fmedia&parent=249"}],"curies":[{"name":"wp","href":"https:\/\/api.w.org\/{rel}","templated":true}]}}