{"id":235,"date":"2023-08-05T13:17:47","date_gmt":"2023-08-05T13:17:47","guid":{"rendered":"https:\/\/themedox.com\/insucom\/?page_id=235"},"modified":"2025-10-29T22:15:45","modified_gmt":"2025-10-29T22:15:45","slug":"about","status":"publish","type":"page","link":"https:\/\/segfia.com\/?page_id=235","title":{"rendered":"Patrimoniales"},"content":{"rendered":"\t\t<div data-elementor-type=\"wp-page\" data-elementor-id=\"235\" class=\"elementor elementor-235\">\n\t\t\t\t<div class=\"elementor-element elementor-element-9e87437 e-flex e-con-boxed e-con e-parent\" data-id=\"9e87437\" data-element_type=\"container\" data-e-type=\"container\">\n\t\t\t\t\t<div class=\"e-con-inner\">\n\t\t\t\t<div class=\"elementor-element elementor-element-bfeb03f elementor-widget elementor-widget-image-gallery\" data-id=\"bfeb03f\" data-element_type=\"widget\" data-e-type=\"widget\" data-widget_type=\"image-gallery.default\">\n\t\t\t\t<div class=\"elementor-widget-container\">\n\t\t\t\t\t\t\t<div class=\"elementor-image-gallery\">\n\t\t\t<div id='gallery-1' class='gallery galleryid-235 gallery-columns-2 gallery-size-large'><figure class='gallery-item'>\n\t\t\t<div class='gallery-icon landscape'>\n\t\t\t\t<a data-elementor-open-lightbox=\"yes\" data-elementor-lightbox-slideshow=\"bfeb03f\" data-elementor-lightbox-title=\"autos\" data-e-action-hash=\"#elementor-action%3Aaction%3Dlightbox%26settings%3DeyJpZCI6Mjk1MywidXJsIjoiaHR0cHM6XC9cL3NlZ2ZpYS5jb21cL3dwLWNvbnRlbnRcL3VwbG9hZHNcLzIwMjVcLzEwXC9hdXRvcy53ZWJwIiwic2xpZGVzaG93IjoiYmZlYjAzZiJ9\" href='https:\/\/segfia.com\/wp-content\/uploads\/2025\/10\/autos.webp'><img fetchpriority=\"high\" decoding=\"async\" width=\"640\" height=\"640\" src=\"https:\/\/segfia.com\/wp-content\/uploads\/2025\/10\/autos-1024x1024.webp\" class=\"attachment-large size-large\" alt=\"\" srcset=\"https:\/\/segfia.com\/wp-content\/uploads\/2025\/10\/autos-1024x1024.webp 1024w, https:\/\/segfia.com\/wp-content\/uploads\/2025\/10\/autos-300x300.webp 300w, https:\/\/segfia.com\/wp-content\/uploads\/2025\/10\/autos-150x150.webp 150w, https:\/\/segfia.com\/wp-content\/uploads\/2025\/10\/autos-768x768.webp 768w, https:\/\/segfia.com\/wp-content\/uploads\/2025\/10\/autos-96x96.webp 96w, https:\/\/segfia.com\/wp-content\/uploads\/2025\/10\/autos.webp 1080w\" sizes=\"(max-width: 640px) 100vw, 640px\" \/><\/a>\n\t\t\t<\/div><\/figure><figure class='gallery-item'>\n\t\t\t<div class='gallery-icon portrait'>\n\t\t\t\t<a data-elementor-open-lightbox=\"yes\" data-elementor-lightbox-slideshow=\"bfeb03f\" data-elementor-lightbox-title=\"casahabitacion\" data-e-action-hash=\"#elementor-action%3Aaction%3Dlightbox%26settings%3DeyJpZCI6Mjk1NSwidXJsIjoiaHR0cHM6XC9cL3NlZ2ZpYS5jb21cL3dwLWNvbnRlbnRcL3VwbG9hZHNcLzIwMjVcLzEwXC9jYXNhaGFiaXRhY2lvbi53ZWJwIiwic2xpZGVzaG93IjoiYmZlYjAzZiJ9\" href='https:\/\/segfia.com\/wp-content\/uploads\/2025\/10\/casahabitacion.webp'><img decoding=\"async\" width=\"640\" height=\"800\" src=\"https:\/\/segfia.com\/wp-content\/uploads\/2025\/10\/casahabitacion-819x1024.jpg\" class=\"attachment-large size-large\" alt=\"\" srcset=\"https:\/\/segfia.com\/wp-content\/uploads\/2025\/10\/casahabitacion-819x1024.jpg 819w, https:\/\/segfia.com\/wp-content\/uploads\/2025\/10\/casahabitacion-240x300.jpg 240w, https:\/\/segfia.com\/wp-content\/uploads\/2025\/10\/casahabitacion-768x960.jpg 768w, https:\/\/segfia.com\/wp-content\/uploads\/2025\/10\/casahabitacion.webp 1080w\" sizes=\"(max-width: 640px) 100vw, 640px\" \/><\/a>\n\t\t\t<\/div><\/figure>\n\t\t<\/div>\n\t\t<\/div>\n\t\t\t\t\t\t<\/div>\n\t\t\t\t<\/div>\n\t\t\t\t\t<\/div>\n\t\t\t\t<\/div>\n\t\t<div class=\"elementor-element elementor-element-e582e5d e-flex e-con-boxed e-con e-parent\" data-id=\"e582e5d\" data-element_type=\"container\" data-e-type=\"container\">\n\t\t\t\t\t<div class=\"e-con-inner\">\n\t\t\t\t<div class=\"elementor-element elementor-element-42ca3b8 elementor-widget elementor-widget-text-editor\" data-id=\"42ca3b8\" data-element_type=\"widget\" data-e-type=\"widget\" data-widget_type=\"text-editor.default\">\n\t\t\t\t<div class=\"elementor-widget-container\">\n\t\t\t\t\t\t\t\t\t<h3><b>Seguro de Vida<\/b><\/h3><p><\/p><ul><li><p><b>Prop\u00f3sito:<\/b> Garantizar la <b>estabilidad econ\u00f3mica<\/b> de los beneficiarios designados si el asegurado fallece.<\/p><\/li><li><p><b>Tipos Comunes:<\/b><\/p><ul><li><p><b>Vida Riesgo (Temporal):<\/b> Paga una suma asegurada solo si el fallecimiento o la invalidez ocurre dentro del plazo contratado.<\/p><\/li><li><p><b>Vida Ahorro (Dotal o Permanente):<\/b> Combina la protecci\u00f3n por fallecimiento con un componente de ahorro o inversi\u00f3n, generando un capital al final de un plazo determinado o a lo largo de la vida.<\/p><\/li><\/ul><\/li><li><p><b>Coberturas Adicionales Frecuentes:<\/b> Invalidez Total y Permanente, Muerte Accidental, Beneficios en Vida por Enfermedades Graves.<\/p><\/li><\/ul><p><\/p><h3><b>2. Seguro de Gastos M\u00e9dicos Mayores (Salud)<\/b><\/h3><p><\/p><ul><li><p><b>Prop\u00f3sito:<\/b> Proporcionar <b>respaldo financiero<\/b> para afrontar los costos elevados de hospitalizaci\u00f3n, cirug\u00edas, tratamientos y honorarios m\u00e9dicos derivados de una enfermedad o accidente grave.<\/p><\/li><li><p><b>Funcionamiento:<\/b> Cubre los gastos que superan un monto inicial (deducible) hasta un l\u00edmite m\u00e1ximo, dentro de la red m\u00e9dica contratada.<\/p><\/li><li><p><b>Ventajas:<\/b> Acceso a hospitales privados, m\u00e9dicos especialistas y tratamientos innovadores.<\/p><\/li><\/ul><p><\/p><h3><b>3. Seguro de Accidentes Personales<\/b><\/h3><p><\/p><ul><li><p><b>Prop\u00f3sito:<\/b> Otorgar una <b>indemnizaci\u00f3n o reembolso r\u00e1pido<\/b> si el asegurado sufre lesiones, invalidez o muerte a consecuencia directa de un accidente.<\/p><\/li><li><p><b>Enfoque:<\/b> Est\u00e1 enfocado \u00fanicamente en eventos accidentales, siendo complementario al seguro de vida y al de gastos m\u00e9dicos.<\/p><\/li><li><p><b>Coberturas:<\/b> Indemnizaci\u00f3n por fallecimiento accidental, pago de gastos m\u00e9dicos por accidente (sin la complejidad del deducible mayor), e indemnizaci\u00f3n por p\u00e9rdidas org\u00e1nicas o invalidez parcial.<\/p><\/li><\/ul><p><\/p><h3><b>4. Seguro de Retiro y Ahorro (Previsi\u00f3n)<\/b><\/h3><p><\/p><ul><li><p><b>Prop\u00f3sito:<\/b> Son instrumentos dise\u00f1ados para <b>acumular capital<\/b> a largo plazo con el objetivo de complementar la pensi\u00f3n oficial, brindando una renta o un capital al llegar a una edad espec\u00edfica.<\/p><\/li><\/ul>\t\t\t\t\t\t\t\t<\/div>\n\t\t\t\t<\/div>\n\t\t\t\t\t<\/div>\n\t\t\t\t<\/div>\n\t\t<div class=\"elementor-element elementor-element-66746dc e-flex e-con-boxed e-con e-parent\" data-id=\"66746dc\" data-element_type=\"container\" data-e-type=\"container\">\n\t\t\t\t\t<div class=\"e-con-inner\">\n\t\t\t\t<div class=\"elementor-element elementor-element-c5625f6 elementor-widget elementor-widget-image-gallery\" data-id=\"c5625f6\" data-element_type=\"widget\" data-e-type=\"widget\" data-widget_type=\"image-gallery.default\">\n\t\t\t\t<div class=\"elementor-widget-container\">\n\t\t\t\t\t\t\t<div class=\"elementor-image-gallery\">\n\t\t\t<div id='gallery-2' class='gallery galleryid-235 gallery-columns-4 gallery-size-medium'><figure class='gallery-item'>\n\t\t\t<div class='gallery-icon portrait'>\n\t\t\t\t<a data-elementor-open-lightbox=\"yes\" data-elementor-lightbox-slideshow=\"c5625f6\" data-elementor-lightbox-title=\"retiro\" data-e-action-hash=\"#elementor-action%3Aaction%3Dlightbox%26settings%3DeyJpZCI6Mjk2MCwidXJsIjoiaHR0cHM6XC9cL3NlZ2ZpYS5jb21cL3dwLWNvbnRlbnRcL3VwbG9hZHNcLzIwMjVcLzEwXC9yZXRpcm8uanBnIiwic2xpZGVzaG93IjoiYzU2MjVmNiJ9\" href='https:\/\/segfia.com\/wp-content\/uploads\/2025\/10\/retiro.jpg'><img decoding=\"async\" width=\"240\" height=\"300\" src=\"https:\/\/segfia.com\/wp-content\/uploads\/2025\/10\/retiro-240x300.jpg\" class=\"attachment-medium size-medium\" alt=\"\" srcset=\"https:\/\/segfia.com\/wp-content\/uploads\/2025\/10\/retiro-240x300.jpg 240w, https:\/\/segfia.com\/wp-content\/uploads\/2025\/10\/retiro-819x1024.jpg 819w, https:\/\/segfia.com\/wp-content\/uploads\/2025\/10\/retiro-768x960.jpg 768w, https:\/\/segfia.com\/wp-content\/uploads\/2025\/10\/retiro.jpg 1080w\" sizes=\"(max-width: 240px) 100vw, 240px\" \/><\/a>\n\t\t\t<\/div><\/figure><figure class='gallery-item'>\n\t\t\t<div class='gallery-icon portrait'>\n\t\t\t\t<a data-elementor-open-lightbox=\"yes\" data-elementor-lightbox-slideshow=\"c5625f6\" data-elementor-lightbox-title=\"viajar\" data-e-action-hash=\"#elementor-action%3Aaction%3Dlightbox%26settings%3DeyJpZCI6Mjk2MSwidXJsIjoiaHR0cHM6XC9cL3NlZ2ZpYS5jb21cL3dwLWNvbnRlbnRcL3VwbG9hZHNcLzIwMjVcLzEwXC92aWFqYXIuanBnIiwic2xpZGVzaG93IjoiYzU2MjVmNiJ9\" href='https:\/\/segfia.com\/wp-content\/uploads\/2025\/10\/viajar.jpg'><img loading=\"lazy\" decoding=\"async\" width=\"240\" height=\"300\" src=\"https:\/\/segfia.com\/wp-content\/uploads\/2025\/10\/viajar-240x300.jpg\" class=\"attachment-medium size-medium\" alt=\"\" srcset=\"https:\/\/segfia.com\/wp-content\/uploads\/2025\/10\/viajar-240x300.jpg 240w, https:\/\/segfia.com\/wp-content\/uploads\/2025\/10\/viajar-819x1024.jpg 819w, https:\/\/segfia.com\/wp-content\/uploads\/2025\/10\/viajar-768x960.jpg 768w, https:\/\/segfia.com\/wp-content\/uploads\/2025\/10\/viajar.jpg 1080w\" sizes=\"(max-width: 240px) 100vw, 240px\" \/><\/a>\n\t\t\t<\/div><\/figure><figure class='gallery-item'>\n\t\t\t<div class='gallery-icon portrait'>\n\t\t\t\t<a data-elementor-open-lightbox=\"yes\" data-elementor-lightbox-slideshow=\"c5625f6\" data-elementor-lightbox-title=\"561396505_122139009158889431_5100287055667899433_n\" data-e-action-hash=\"#elementor-action%3Aaction%3Dlightbox%26settings%3DeyJpZCI6Mjk1MiwidXJsIjoiaHR0cHM6XC9cL3NlZ2ZpYS5jb21cL3dwLWNvbnRlbnRcL3VwbG9hZHNcLzIwMjVcLzEwXC81NjEzOTY1MDVfMTIyMTM5MDA5MTU4ODg5NDMxXzUxMDAyODcwNTU2Njc4OTk0MzNfbi53ZWJwIiwic2xpZGVzaG93IjoiYzU2MjVmNiJ9\" href='https:\/\/segfia.com\/wp-content\/uploads\/2025\/10\/561396505_122139009158889431_5100287055667899433_n.webp'><img loading=\"lazy\" decoding=\"async\" width=\"240\" height=\"300\" src=\"https:\/\/segfia.com\/wp-content\/uploads\/2025\/10\/561396505_122139009158889431_5100287055667899433_n-240x300.webp\" class=\"attachment-medium size-medium\" alt=\"\" srcset=\"https:\/\/segfia.com\/wp-content\/uploads\/2025\/10\/561396505_122139009158889431_5100287055667899433_n-240x300.webp 240w, https:\/\/segfia.com\/wp-content\/uploads\/2025\/10\/561396505_122139009158889431_5100287055667899433_n-819x1024.webp 819w, https:\/\/segfia.com\/wp-content\/uploads\/2025\/10\/561396505_122139009158889431_5100287055667899433_n-768x960.webp 768w, https:\/\/segfia.com\/wp-content\/uploads\/2025\/10\/561396505_122139009158889431_5100287055667899433_n.webp 1080w\" sizes=\"(max-width: 240px) 100vw, 240px\" \/><\/a>\n\t\t\t<\/div><\/figure><figure class='gallery-item'>\n\t\t\t<div class='gallery-icon landscape'>\n\t\t\t\t<a data-elementor-open-lightbox=\"yes\" data-elementor-lightbox-slideshow=\"c5625f6\" data-elementor-lightbox-title=\"518277068_122124709502885894_7985621685806200020_n\" data-e-action-hash=\"#elementor-action%3Aaction%3Dlightbox%26settings%3DeyJpZCI6Mjg4MiwidXJsIjoiaHR0cHM6XC9cL3NlZ2ZpYS5jb21cL3dwLWNvbnRlbnRcL3VwbG9hZHNcLzIwMjVcLzA3XC81MTgyNzcwNjhfMTIyMTI0NzA5NTAyODg1ODk0Xzc5ODU2MjE2ODU4MDYyMDAwMjBfbi53ZWJwIiwic2xpZGVzaG93IjoiYzU2MjVmNiJ9\" href='https:\/\/segfia.com\/wp-content\/uploads\/2025\/07\/518277068_122124709502885894_7985621685806200020_n.webp'><img loading=\"lazy\" decoding=\"async\" width=\"300\" height=\"234\" src=\"https:\/\/segfia.com\/wp-content\/uploads\/2025\/07\/518277068_122124709502885894_7985621685806200020_n-300x234.webp\" class=\"attachment-medium size-medium\" alt=\"\" srcset=\"https:\/\/segfia.com\/wp-content\/uploads\/2025\/07\/518277068_122124709502885894_7985621685806200020_n-300x234.webp 300w, https:\/\/segfia.com\/wp-content\/uploads\/2025\/07\/518277068_122124709502885894_7985621685806200020_n-1024x797.webp 1024w, https:\/\/segfia.com\/wp-content\/uploads\/2025\/07\/518277068_122124709502885894_7985621685806200020_n-768x598.webp 768w, https:\/\/segfia.com\/wp-content\/uploads\/2025\/07\/518277068_122124709502885894_7985621685806200020_n-1536x1196.webp 1536w, https:\/\/segfia.com\/wp-content\/uploads\/2025\/07\/518277068_122124709502885894_7985621685806200020_n.webp 1600w\" sizes=\"(max-width: 300px) 100vw, 300px\" \/><\/a>\n\t\t\t<\/div><\/figure><figure class='gallery-item'>\n\t\t\t<div class='gallery-icon landscape'>\n\t\t\t\t<a data-elementor-open-lightbox=\"yes\" data-elementor-lightbox-slideshow=\"c5625f6\" data-elementor-lightbox-title=\"518302341_122124133472885894_371226658602789108_n\" data-e-action-hash=\"#elementor-action%3Aaction%3Dlightbox%26settings%3DeyJpZCI6Mjg4NiwidXJsIjoiaHR0cHM6XC9cL3NlZ2ZpYS5jb21cL3dwLWNvbnRlbnRcL3VwbG9hZHNcLzIwMjVcLzA3XC81MTgzMDIzNDFfMTIyMTI0MTMzNDcyODg1ODk0XzM3MTIyNjY1ODYwMjc4OTEwOF9uLndlYnAiLCJzbGlkZXNob3ciOiJjNTYyNWY2In0%3D\" href='https:\/\/segfia.com\/wp-content\/uploads\/2025\/07\/518302341_122124133472885894_371226658602789108_n.webp'><img loading=\"lazy\" decoding=\"async\" width=\"300\" height=\"300\" src=\"https:\/\/segfia.com\/wp-content\/uploads\/2025\/07\/518302341_122124133472885894_371226658602789108_n-300x300.webp\" class=\"attachment-medium size-medium\" alt=\"\" srcset=\"https:\/\/segfia.com\/wp-content\/uploads\/2025\/07\/518302341_122124133472885894_371226658602789108_n-300x300.webp 300w, https:\/\/segfia.com\/wp-content\/uploads\/2025\/07\/518302341_122124133472885894_371226658602789108_n-1024x1024.webp 1024w, https:\/\/segfia.com\/wp-content\/uploads\/2025\/07\/518302341_122124133472885894_371226658602789108_n-150x150.webp 150w, https:\/\/segfia.com\/wp-content\/uploads\/2025\/07\/518302341_122124133472885894_371226658602789108_n-768x768.webp 768w, https:\/\/segfia.com\/wp-content\/uploads\/2025\/07\/518302341_122124133472885894_371226658602789108_n-96x96.webp 96w, https:\/\/segfia.com\/wp-content\/uploads\/2025\/07\/518302341_122124133472885894_371226658602789108_n.webp 1080w\" sizes=\"(max-width: 300px) 100vw, 300px\" \/><\/a>\n\t\t\t<\/div><\/figure>\n\t\t<\/div>\n\t\t<\/div>\n\t\t\t\t\t\t<\/div>\n\t\t\t\t<\/div>\n\t\t\t\t\t<\/div>\n\t\t\t\t<\/div>\n\t\t\t\t<\/div>\n\t\t","protected":false},"excerpt":{"rendered":"<p>Seguro de Vida Prop\u00f3sito: Garantizar la estabilidad econ\u00f3mica de los beneficiarios designados si el asegurado fallece. Tipos Comunes: Vida Riesgo (Temporal): Paga una suma asegurada solo si el fallecimiento o la invalidez ocurre dentro del plazo contratado. Vida Ahorro (Dotal o Permanente): Combina la protecci\u00f3n por fallecimiento con un componente de ahorro o inversi\u00f3n, generando [&hellip;]<\/p>\n","protected":false},"author":1,"featured_media":0,"parent":0,"menu_order":0,"comment_status":"closed","ping_status":"closed","template":"","meta":{"_monsterinsights_skip_tracking":false,"_monsterinsights_sitenote_active":false,"_monsterinsights_sitenote_note":"","_monsterinsights_sitenote_category":0,"footnotes":""},"class_list":["post-235","page","type-page","status-publish","hentry"],"aioseo_notices":[],"_links":{"self":[{"href":"https:\/\/segfia.com\/index.php?rest_route=\/wp\/v2\/pages\/235","targetHints":{"allow":["GET"]}}],"collection":[{"href":"https:\/\/segfia.com\/index.php?rest_route=\/wp\/v2\/pages"}],"about":[{"href":"https:\/\/segfia.com\/index.php?rest_route=\/wp\/v2\/types\/page"}],"author":[{"embeddable":true,"href":"https:\/\/segfia.com\/index.php?rest_route=\/wp\/v2\/users\/1"}],"replies":[{"embeddable":true,"href":"https:\/\/segfia.com\/index.php?rest_route=%2Fwp%2Fv2%2Fcomments&post=235"}],"version-history":[{"count":7,"href":"https:\/\/segfia.com\/index.php?rest_route=\/wp\/v2\/pages\/235\/revisions"}],"predecessor-version":[{"id":3126,"href":"https:\/\/segfia.com\/index.php?rest_route=\/wp\/v2\/pages\/235\/revisions\/3126"}],"wp:attachment":[{"href":"https:\/\/segfia.com\/index.php?rest_route=%2Fwp%2Fv2%2Fmedia&parent=235"}],"curies":[{"name":"wp","href":"https:\/\/api.w.org\/{rel}","templated":true}]}}